{"id":2,"date":"2013-03-01T23:27:22","date_gmt":"2013-03-01T23:27:22","guid":{"rendered":"http:\/\/www.ramiroaraujo.com\/?page_id=2"},"modified":"2013-03-01T20:09:24","modified_gmt":"2013-03-02T01:09:24","slug":"pagina-ejemplo","status":"publish","type":"page","link":"https:\/\/www.ramiroaraujo.com\/?page_id=2","title":{"rendered":"El autor"},"content":{"rendered":"<p>Soy Ramiro Ara\u00fajo Segovia, abogado de la Universidad Javeriana, especializado en comercio exterior, profesor universitario y consultor. Escritor por vocaci\u00f3n e insistencia, enamorado de la palabra y del verbo. Amigo de mis amigos y aventurero.<\/p>\n<p>Invito a todos los visitantes programados y aleatorios a que encuentren la punta del ovillo y sigan el cuento, as\u00ed que espero sus comentarios, su registro, sus escritos. Este es un espacio para el encuentro y la recreaci\u00f3n de la palabra.<\/p>\n<p>Tengo algunos escritos publicados, entre ellos el denominado \u00abEl M\u00e9todo Prambara Katanga de Superaci\u00f3n Personal\u00bb publicado por la Editorial Norma, fruto de mis profundas indagaciones y conspicuas experiencias en este tema objeto de tanta atenci\u00f3n en los \u00faltimos a\u00f1os.<\/p>\n<p><a href=\"http:\/\/www.ramiroaraujo.com\/wp-content\/uploads\/prambara_katanga.jpg\"><img loading=\"lazy\" decoding=\"async\" class=\"alignnone size-full wp-image-8\" alt=\"prambara_katanga\" src=\"http:\/\/www.ramiroaraujo.com\/wp-content\/uploads\/prambara_katanga.jpg\" width=\"153\" height=\"218\" \/><\/a><\/p>\n","protected":false},"excerpt":{"rendered":"<p>Soy Ramiro Ara\u00fajo Segovia, abogado de la Universidad Javeriana, especializado en comercio exterior, profesor universitario y consultor. Escritor por vocaci\u00f3n e insistencia, enamorado de la palabra y del verbo. Amigo de mis amigos y aventurero. Invito a todos los visitantes &hellip; <a href=\"https:\/\/www.ramiroaraujo.com\/?page_id=2\">Sigue leyendo <span class=\"meta-nav\">&rarr;<\/span><\/a><\/p>\n","protected":false},"author":1,"featured_media":0,"parent":0,"menu_order":0,"comment_status":"open","ping_status":"open","template":"","meta":{"footnotes":""},"_links":{"self":[{"href":"https:\/\/www.ramiroaraujo.com\/index.php?rest_route=\/wp\/v2\/pages\/2"}],"collection":[{"href":"https:\/\/www.ramiroaraujo.com\/index.php?rest_route=\/wp\/v2\/pages"}],"about":[{"href":"https:\/\/www.ramiroaraujo.com\/index.php?rest_route=\/wp\/v2\/types\/page"}],"author":[{"embeddable":true,"href":"https:\/\/www.ramiroaraujo.com\/index.php?rest_route=\/wp\/v2\/users\/1"}],"replies":[{"embeddable":true,"href":"https:\/\/www.ramiroaraujo.com\/index.php?rest_route=%2Fwp%2Fv2%2Fcomments&post=2"}],"version-history":[{"count":5,"href":"https:\/\/www.ramiroaraujo.com\/index.php?rest_route=\/wp\/v2\/pages\/2\/revisions"}],"predecessor-version":[{"id":5,"href":"https:\/\/www.ramiroaraujo.com\/index.php?rest_route=\/wp\/v2\/pages\/2\/revisions\/5"}],"wp:attachment":[{"href":"https:\/\/www.ramiroaraujo.com\/index.php?rest_route=%2Fwp%2Fv2%2Fmedia&parent=2"}],"curies":[{"name":"wp","href":"https:\/\/api.w.org\/{rel}","templated":true}]}}